{"id":26,"date":"2020-12-25T15:00:25","date_gmt":"2020-12-25T15:00:25","guid":{"rendered":"http:\/\/sw-themes.com\/porto_dummy\/?page_id=26"},"modified":"2025-11-13T13:11:14","modified_gmt":"2025-11-13T10:11:14","slug":"iletisim","status":"publish","type":"page","link":"https:\/\/www.kolmer.com.tr\/en\/iletisim\/","title":{"rendered":"Contact us"},"content":{"rendered":"<div data-elementor-type=\"wp-page\" data-elementor-id=\"26\" class=\"elementor elementor-26\" data-elementor-post-type=\"page\">\n\t\t\t\t\t\t<section class=\"elementor-section elementor-top-section elementor-element elementor-element-14757be elementor-section-content-middle mt-5 pt-1 mb-4 elementor-section-boxed elementor-section-height-default elementor-section-height-default\" data-id=\"14757be\" data-element_type=\"section\">\r\n\t\t\r\n\t\t\t\t\t\t\t<div class=\"elementor-container elementor-column-gap-default\">\r\n\t\t\t\t\t\t\t\t\t\t\t<div class=\"elementor-column elementor-col-50 elementor-top-column elementor-element elementor-element-6c3b8e0\" data-id=\"6c3b8e0\" data-element_type=\"column\">\r\n\t\t\t\t\t<div class=\"elementor-widget-wrap elementor-element-populated\">\r\n\t\t\t\t\t\t\t\t<div class=\"elementor-element elementor-element-124eee6 elementor-widget elementor-widget-heading\" data-id=\"124eee6\" data-element_type=\"widget\" data-widget_type=\"heading.default\">\n\t\t\t\t<div class=\"elementor-widget-container\">\n\t\t\t\t\t<p class=\"elementor-heading-title elementor-size-default\"><b>KOLMER ASANS\u00d6R <\/b>| OUR CONTACT INFORMATION<\/p>\t\t\t\t<\/div>\n\t\t\t\t<\/div>\n\t\t\t\t<div class=\"elementor-element elementor-element-4f8f3dd custom-phone pt-3 elementor-widget elementor-widget-porto_info_box\" data-id=\"4f8f3dd\" data-element_type=\"widget\" data-widget_type=\"porto_info_box.default\">\n\t\t\t\t<div class=\"elementor-widget-container\">\n\t\t\t\t\t<a aria-label=\"Adres: Adil Mah. Gen\u00e7 Osman Cad. No:8A\/7 34744 Sultanbeyli - \u0130stanbul-T\u00fcrkiye\" class=\"porto-sicon-box-link\" href=\"\"><div class=\"porto-sicon-box style_1 default-icon\"><div class=\"porto-sicon-default\"><div class=\"porto-just-icon-wrapper porto-icon none\" style=\"margin-right:8px;\"><i class=\"far fa-address-book\"><\/i><\/div><\/div><div class=\"porto-sicon-header\"><h3 class=\"porto-sicon-title\" style=\"\">Adres: Adil Mah. Gen\u00e7 Osman Cad. No:8A\/7 34744 Sultanbeyli - \u0130stanbul-T\u00fcrkiye<\/h3><\/div> <!-- header --><\/div><!-- porto-sicon-box --><\/a>\t\t\t\t<\/div>\n\t\t\t\t<\/div>\n\t\t\t\t<div class=\"elementor-element elementor-element-364dfe5 custom-phone pt-3 elementor-widget elementor-widget-porto_info_box\" data-id=\"364dfe5\" data-element_type=\"widget\" data-widget_type=\"porto_info_box.default\">\n\t\t\t\t<div class=\"elementor-widget-container\">\n\t\t\t\t\t<a aria-label=\"Email: info@kolmer.com.tr\" class=\"porto-sicon-box-link\" href=\"mailto:info@kolmer.com.tr\"><div class=\"porto-sicon-box style_1 default-icon\"><div class=\"porto-sicon-default\"><div class=\"porto-just-icon-wrapper porto-icon none\" style=\"margin-right:8px;\"><i class=\"Simple-Line-Icons-envelope\"><\/i><\/div><\/div><div class=\"porto-sicon-header\"><h3 class=\"porto-sicon-title\" style=\"\">Email: info@kolmer.com.tr<\/h3><\/div> <!-- header --><\/div><!-- porto-sicon-box --><\/a>\t\t\t\t<\/div>\n\t\t\t\t<\/div>\n\t\t\t\t<div class=\"elementor-element elementor-element-49cce69 custom-phone elementor-widget elementor-widget-porto_info_box\" data-id=\"49cce69\" data-element_type=\"widget\" data-widget_type=\"porto_info_box.default\">\n\t\t\t\t<div class=\"elementor-widget-container\">\n\t\t\t\t\t<a aria-label=\"Phone: +90 216 565 4466\" class=\"porto-sicon-box-link\" href=\"tel:+902165654466\"><div class=\"porto-sicon-box style_1 default-icon\"><div class=\"porto-sicon-default\"><div class=\"porto-just-icon-wrapper porto-icon none\" style=\"margin-right:8px;\"><i class=\"Simple-Line-Icons-phone\"><\/i><\/div><\/div><div class=\"porto-sicon-header\"><h3 class=\"porto-sicon-title\" style=\"\">Phone: +90 216 565 4466<\/h3><\/div> <!-- header --><\/div><!-- porto-sicon-box --><\/a>\t\t\t\t<\/div>\n\t\t\t\t<\/div>\n\t\t\t\t<div class=\"elementor-element elementor-element-fb014ba elementor-widget elementor-widget-heading\" data-id=\"fb014ba\" data-element_type=\"widget\" data-widget_type=\"heading.default\">\n\t\t\t\t<div class=\"elementor-widget-container\">\n\t\t\t\t\t<p class=\"elementor-heading-title elementor-size-default\">We are always here to serve you. You can send us your needs and requests from the form on the side. Our customer service representative will get back to you immediately.<\/p>\t\t\t\t<\/div>\n\t\t\t\t<\/div>\n\t\t\t\t<div class=\"elementor-element elementor-element-e45f948 elementor-widget elementor-widget-google_maps\" data-id=\"e45f948\" data-element_type=\"widget\" data-widget_type=\"google_maps.default\">\n\t\t\t\t<div class=\"elementor-widget-container\">\n\t\t\t\t\t\t\t<div class=\"elementor-custom-embed\">\n\t\t\t<iframe loading=\"lazy\"\n\t\t\t\t\tsrc=\"https:\/\/maps.google.com\/maps?q=kolmer%20asans%C3%B6r&#038;t=m&#038;z=17&#038;output=embed&#038;iwloc=near\"\n\t\t\t\t\ttitle=\"kolmer asans\u00f6r\"\n\t\t\t\t\taria-label=\"kolmer asans\u00f6r\"\n\t\t\t><\/iframe>\n\t\t<\/div>\n\t\t\t\t\t\t<\/div>\n\t\t\t\t<\/div>\n\t\t\t\t\t<\/div>\r\n\t\t\t\t<\/div>\r\n\t\t\t\t<div class=\"elementor-column elementor-col-50 elementor-top-column elementor-element elementor-element-4be1906\" data-id=\"4be1906\" data-element_type=\"column\">\r\n\t\t\t\t\t<div class=\"elementor-widget-wrap elementor-element-populated\">\r\n\t\t\t\t\t\t\t\t<div class=\"elementor-element elementor-element-f16ac47 elementor-widget elementor-widget-porto_contact_form\" data-id=\"f16ac47\" data-element_type=\"widget\" data-widget_type=\"porto_contact_form.default\">\n\t\t\t\t<div class=\"elementor-widget-container\">\n\t\t\t\t\t\n<div class=\"wpcf7 no-js\" id=\"wpcf7-f475-o1\" lang=\"en-US\" dir=\"ltr\" data-wpcf7-id=\"475\">\n<div class=\"screen-reader-response\"><p role=\"status\" aria-live=\"polite\" aria-atomic=\"true\"><\/p> <ul><\/ul><\/div>\n<form action=\"\/en\/wp-json\/wp\/v2\/pages\/26#wpcf7-f475-o1\" method=\"post\" class=\"wpcf7-form init\" aria-label=\"Contact form\" novalidate=\"novalidate\" data-status=\"init\" data-trp-original-action=\"\/en\/wp-json\/wp\/v2\/pages\/26#wpcf7-f475-o1\">\n<fieldset class=\"hidden-fields-container\"><input type=\"hidden\" name=\"_wpcf7\" value=\"475\" \/><input type=\"hidden\" name=\"_wpcf7_version\" value=\"6.1.4\" \/><input type=\"hidden\" name=\"_wpcf7_locale\" value=\"en_US\" \/><input type=\"hidden\" name=\"_wpcf7_unit_tag\" value=\"wpcf7-f475-o1\" \/><input type=\"hidden\" name=\"_wpcf7_container_post\" value=\"0\" \/><input type=\"hidden\" name=\"_wpcf7_posted_data_hash\" value=\"\" \/>\n<\/fieldset>\n<div class=\"form-row\">\n    <div class=\"col\">\n        <h3 class=\"text-color-dark font-weight-bold text-4-5 mb-3\">Contact information:<\/h3><\/div>\n<\/div>\n<div class=\"form-row\">\n    <div class=\"form-group col-md-6 mb-3\">\n        <span class=\"wpcf7-form-control-wrap\" data-name=\"text-844\"><input size=\"40\" maxlength=\"400\" class=\"wpcf7-form-control wpcf7-text wpcf7-validates-as-required form-control\" id=\"firstName\" aria-required=\"true\" aria-invalid=\"false\" placeholder=\"Name\" value=\"\" type=\"text\" name=\"text-844\" \/><\/span>\n    <\/div>\n    <div class=\"form-group col-md-6 mb-3\">\n        <span class=\"wpcf7-form-control-wrap\" data-name=\"text-375\"><input size=\"40\" maxlength=\"400\" class=\"wpcf7-form-control wpcf7-text wpcf7-validates-as-required form-control\" id=\"lastName\" aria-required=\"true\" aria-invalid=\"false\" placeholder=\"Surname\" value=\"\" type=\"text\" name=\"text-375\" \/><\/span>\n    <\/div>\n<\/div>\n<div class=\"form-row mb-3\">\n   <div class=\"form-group col-md-6 mb-3\">\n      <span class=\"wpcf7-form-control-wrap\" data-name=\"email-63\"><input size=\"40\" maxlength=\"400\" class=\"wpcf7-form-control wpcf7-email wpcf7-validates-as-required wpcf7-text wpcf7-validates-as-email form-control\" id=\"email\" aria-required=\"true\" aria-invalid=\"false\" placeholder=\"Email Address\" value=\"\" type=\"email\" name=\"email-63\" \/><\/span>\n   <\/div>\n   <div class=\"form-group col-md-6 mb-3\">\n        <span class=\"wpcf7-form-control-wrap\" data-name=\"email-812\"><input size=\"40\" maxlength=\"400\" class=\"wpcf7-form-control wpcf7-email wpcf7-validates-as-required wpcf7-text wpcf7-validates-as-email form-control\" id=\"phone\" aria-required=\"true\" aria-invalid=\"false\" placeholder=\"Phone\" value=\"\" type=\"email\" name=\"email-812\" \/><\/span>\n   <\/div>\n<\/div>\n<div class=\"form-row\">\n    <div class=\"col\">\n        <h3 class=\"text-color-dark font-weight-bold text-4-5 mb-3\">Elevator Information:<\/h3><\/div>\n<\/div>\n<div class=\"form-row pb-2 mb-4\">\n    <div class=\"form-group col-md-4 mb-md-0\">\n        <span class=\"wpcf7-form-control-wrap\" data-name=\"text-170\"><input size=\"40\" maxlength=\"400\" class=\"wpcf7-form-control wpcf7-text wpcf7-validates-as-required form-control\" id=\"model\" aria-required=\"true\" aria-invalid=\"false\" placeholder=\"Brand\" value=\"\" type=\"text\" name=\"text-170\" \/><\/span>\n    <\/div>\n    <div class=\"form-group col-md-4 mb-md-0\">\n        <span class=\"wpcf7-form-control-wrap\" data-name=\"text-74\"><input size=\"40\" maxlength=\"400\" class=\"wpcf7-form-control wpcf7-text wpcf7-validates-as-required form-control\" aria-required=\"true\" aria-invalid=\"false\" placeholder=\"Model\" value=\"\" type=\"text\" name=\"text-74\" \/><\/span>\n    <\/div>\n    <div class=\"form-group col-md-4 mb-md-0\">\n        <span class=\"wpcf7-form-control-wrap\" data-name=\"text-991\"><input size=\"40\" maxlength=\"400\" class=\"wpcf7-form-control wpcf7-text wpcf7-validates-as-required form-control\" id=\"year\" aria-required=\"true\" aria-invalid=\"false\" placeholder=\"Year of construction\" value=\"\" type=\"text\" name=\"text-991\" \/><\/span>\n    <\/div>\n<\/div>\n<div class=\"form-row\">\n    <div class=\"col\">\n        <h3 class=\"text-color-dark font-weight-bold text-4-5 mb-3\">Message you want to forward:<\/h3><\/div>\n<\/div>\n<div class=\"form-row mb-3\">\n    <div class=\"form-group col\">\n        <span class=\"wpcf7-form-control-wrap\" data-name=\"textarea-755\"><textarea cols=\"40\" rows=\"10\" maxlength=\"2000\" class=\"wpcf7-form-control wpcf7-textarea wpcf7-validates-as-required form-control\" id=\"reason\" aria-required=\"true\" aria-invalid=\"false\" name=\"textarea-755\"><\/textarea><\/span>\n    <\/div>\n<\/div>\n<div class=\"form-row\">\n    <div class=\"col\">\n        <h3 class=\"text-color-dark font-weight-bold text-4-5 mb-1\">Appointment Date and Time:<\/h3><\/div>\n<\/div>\n<div class=\"form-row mb-3\">\n    <div class=\"col-lg-6\">\n        <div class=\"form-row\">\n            <div class=\"col\">\n                <p class=\"font-weight-semibold mb-2\">Please choose<\/p><\/div>\n        <\/div>\n        <div class=\"form-row\">\n            <div class=\"form-group col-md-6\">\n                <span class=\"wpcf7-form-control-wrap\" data-name=\"date-974\"><input class=\"wpcf7-form-control wpcf7-date wpcf7-validates-as-required wpcf7-validates-as-date form-control\" id=\"firstDate\" aria-required=\"true\" aria-invalid=\"false\" placeholder=\"Date\" value=\"\" type=\"date\" name=\"date-974\" \/><\/span>\n            <\/div>\n            <div class=\"form-group col-md-6\">\n                <span class=\"wpcf7-form-control-wrap\" data-name=\"text-593\"><input size=\"40\" maxlength=\"400\" class=\"wpcf7-form-control wpcf7-text wpcf7-validates-as-required form-control\" id=\"firstTime\" aria-required=\"true\" aria-invalid=\"false\" placeholder=\"9:00\" value=\"\" type=\"text\" name=\"text-593\" \/><\/span>\n            <\/div>\n        <\/div>\n    <\/div>\n<div class=\"form-row pb-2 mb-4\">\n    <div class=\"col\">\n        <div class=\"alert alert-warning custom-alert-bg-color-1\">\n            <p class=\"text-2 mb-0\"><i class=\"fas fa-info-circle me-1\"><\/i> Please note that the date and time you requested may not be available. We will contact you to confirm your actual appointment details.<\/p><\/div>\n    <\/div>\n<\/div>\n<div class=\"form-row\">\n  <div class=\"form-group col mb-0\">\n    <div class=\"vc_btn3-container  custom-btn-arrow mb-0 vc_btn3-inline\">\n\t<button class=\"vc_btn3 vc_btn3-shape-rounded vc_btn3-icon-right font-weight-bold btn btn-full-rounded btn-md btn-primary font-size-md py-3 px-5\">SEND<i class=\"vc_btn3-icon fas fa-long-arrow-alt-right\"><\/i><\/button>\n\t<\/div>\n   <\/div>\n<\/div><div class=\"wpcf7-response-output\" aria-hidden=\"true\"><\/div>\n<input type=\"hidden\" name=\"trp-form-language\" value=\"en\"\/><\/form>\n<\/div>\n\t\t\t\t<\/div>\n\t\t\t\t<\/div>\n\t\t\t\t\t<\/div>\r\n\t\t\t\t<\/div>\r\n\t\t\t\t\t<\/div>\r\n\t\t\t\t<\/section>\r\n\t\t\t\t<\/div>","protected":false},"excerpt":{"rendered":"<p>KOLMER ASANS\u00d6R | \u0130LET\u0130\u015e\u0130M B\u0130LG\u0130LER\u0130M\u0130Z Adres: Adil Mah. Gen\u00e7 Osman Cad. No:8A\/7 34744 Sultanbeyli &#8211; \u0130stanbul-T\u00fcrkiye Email: info@kolmer.com.tr Telefon: +90 216 565 4466 Sizlere hizmet vermek i\u00e7in her zaman buraday\u0131z. \u0130htiya\u00e7lar\u0131n\u0131z\u0131 ve isteklerinizi yandaki form dan bize ula\u015ft\u0131rabilirsiniz. M\u00fc\u015fteri hizmetleri temsilcimiz hemen d\u00f6n\u00fc\u015f yapacakt\u0131r. \u0130leti\u015fim Bilgileri: Asans\u00f6r Bilgileri: \u0130letmek istedi\u011finiz Mesaj\u0131n\u0131z: Randevu Tarihi ve Zaman\u0131: [&hellip;]<\/p>","protected":false},"author":1,"featured_media":0,"parent":0,"menu_order":0,"comment_status":"closed","ping_status":"closed","template":"","meta":{"footnotes":""},"class_list":["post-26","page","type-page","status-publish","hentry"],"_links":{"self":[{"href":"https:\/\/www.kolmer.com.tr\/en\/wp-json\/wp\/v2\/pages\/26","targetHints":{"allow":["GET"]}}],"collection":[{"href":"https:\/\/www.kolmer.com.tr\/en\/wp-json\/wp\/v2\/pages"}],"about":[{"href":"https:\/\/www.kolmer.com.tr\/en\/wp-json\/wp\/v2\/types\/page"}],"author":[{"embeddable":true,"href":"https:\/\/www.kolmer.com.tr\/en\/wp-json\/wp\/v2\/users\/1"}],"replies":[{"embeddable":true,"href":"https:\/\/www.kolmer.com.tr\/en\/wp-json\/wp\/v2\/comments?post=26"}],"version-history":[{"count":22,"href":"https:\/\/www.kolmer.com.tr\/en\/wp-json\/wp\/v2\/pages\/26\/revisions"}],"predecessor-version":[{"id":5352,"href":"https:\/\/www.kolmer.com.tr\/en\/wp-json\/wp\/v2\/pages\/26\/revisions\/5352"}],"wp:attachment":[{"href":"https:\/\/www.kolmer.com.tr\/en\/wp-json\/wp\/v2\/media?parent=26"}],"curies":[{"name":"wp","href":"https:\/\/api.w.org\/{rel}","templated":true}]}}